{"id":184,"date":"2024-11-27T08:16:43","date_gmt":"2024-11-27T11:16:43","guid":{"rendered":"https:\/\/maya.ind.br\/?post_type=product&#038;p=184"},"modified":"2024-11-27T17:30:07","modified_gmt":"2024-11-27T20:30:07","slug":"carvao-em-caixinha-para-churrasco","status":"publish","type":"product","link":"https:\/\/maya.ind.br\/index.php\/produto\/carvao-em-caixinha-para-churrasco\/","title":{"rendered":"Carv\u00e3o ecol\u00f3gico para churrasco"},"content":{"rendered":"<p>Carv\u00e3o de fibra de coco e acacia negra torrada e prensado.<\/p>\n<p>-Sem cheiro.<\/p>\n<p>-Pouca fuma\u00e7a<\/p>\n<p>-Baixo teor de cinzas.<\/p>\n<p>-Dura at\u00e9 2 horas.<\/p>\n<p>Ideal para ser usado em apartamento, \u00e1rea gourmet, barco, resaturante coreano e etc&#8230;<\/p>\n<p>&nbsp;<\/p>\n","protected":false},"excerpt":{"rendered":"<p>Caixinha de 1 kg<\/p>\n","protected":false},"featured_media":180,"comment_status":"open","ping_status":"closed","template":"","meta":[],"product_cat":[22],"product_tag":[34,35],"class_list":["post-184","product","type-product","status-publish","has-post-thumbnail","hentry","product_cat-sem-categoria","product_tag-carvao-ecologico","product_tag-carvao-ecologico-para-churrasco"],"_links":{"self":[{"href":"https:\/\/maya.ind.br\/index.php\/wp-json\/wp\/v2\/product\/184","targetHints":{"allow":["GET"]}}],"collection":[{"href":"https:\/\/maya.ind.br\/index.php\/wp-json\/wp\/v2\/product"}],"about":[{"href":"https:\/\/maya.ind.br\/index.php\/wp-json\/wp\/v2\/types\/product"}],"replies":[{"embeddable":true,"href":"https:\/\/maya.ind.br\/index.php\/wp-json\/wp\/v2\/comments?post=184"}],"wp:featuredmedia":[{"embeddable":true,"href":"https:\/\/maya.ind.br\/index.php\/wp-json\/wp\/v2\/media\/180"}],"wp:attachment":[{"href":"https:\/\/maya.ind.br\/index.php\/wp-json\/wp\/v2\/media?parent=184"}],"wp:term":[{"taxonomy":"product_cat","embeddable":true,"href":"https:\/\/maya.ind.br\/index.php\/wp-json\/wp\/v2\/product_cat?post=184"},{"taxonomy":"product_tag","embeddable":true,"href":"https:\/\/maya.ind.br\/index.php\/wp-json\/wp\/v2\/product_tag?post=184"}],"curies":[{"name":"wp","href":"https:\/\/api.w.org\/{rel}","templated":true}]}}