{"id":174,"date":"2024-11-27T07:46:26","date_gmt":"2024-11-27T10:46:26","guid":{"rendered":"https:\/\/maya.ind.br\/?post_type=product&#038;p=174"},"modified":"2024-11-27T17:42:14","modified_gmt":"2024-11-27T20:42:14","slug":"carvao-hexagonal-box-2-0","status":"publish","type":"product","link":"https:\/\/maya.ind.br\/index.php\/produto\/carvao-hexagonal-box-2-0\/","title":{"rendered":"Carv\u00e3o ecol\u00f3gico Hexagonal para narguil\u00e9 BOX 2.0"},"content":{"rendered":"<p>Carv\u00e3o de fibra de coco torrado.<\/p>\n<p>-Sem cheiro.<\/p>\n<p>-Baixo teor de cinzas.<\/p>\n<p>-Dura at\u00e9 2 horas.<\/p>\n<p>Ideal para ser usado em Narguil\u00e9.<\/p>\n<p>&nbsp;<\/p>\n","protected":false},"excerpt":{"rendered":"<p>Em caixa de 12 kg<\/p>\n","protected":false},"featured_media":151,"comment_status":"open","ping_status":"closed","template":"","meta":[],"product_cat":[22],"product_tag":[23,27],"class_list":["post-174","product","type-product","status-publish","has-post-thumbnail","hentry","product_cat-sem-categoria","product_tag-carvao-de-coco","product_tag-carvao-para-narguile"],"_links":{"self":[{"href":"https:\/\/maya.ind.br\/index.php\/wp-json\/wp\/v2\/product\/174","targetHints":{"allow":["GET"]}}],"collection":[{"href":"https:\/\/maya.ind.br\/index.php\/wp-json\/wp\/v2\/product"}],"about":[{"href":"https:\/\/maya.ind.br\/index.php\/wp-json\/wp\/v2\/types\/product"}],"replies":[{"embeddable":true,"href":"https:\/\/maya.ind.br\/index.php\/wp-json\/wp\/v2\/comments?post=174"}],"wp:featuredmedia":[{"embeddable":true,"href":"https:\/\/maya.ind.br\/index.php\/wp-json\/wp\/v2\/media\/151"}],"wp:attachment":[{"href":"https:\/\/maya.ind.br\/index.php\/wp-json\/wp\/v2\/media?parent=174"}],"wp:term":[{"taxonomy":"product_cat","embeddable":true,"href":"https:\/\/maya.ind.br\/index.php\/wp-json\/wp\/v2\/product_cat?post=174"},{"taxonomy":"product_tag","embeddable":true,"href":"https:\/\/maya.ind.br\/index.php\/wp-json\/wp\/v2\/product_tag?post=174"}],"curies":[{"name":"wp","href":"https:\/\/api.w.org\/{rel}","templated":true}]}}