{"id":153,"date":"2024-06-26T11:29:44","date_gmt":"2024-06-26T14:29:44","guid":{"rendered":"http:\/\/maya.ind.br\/?post_type=product&#038;p=153"},"modified":"2024-11-27T17:43:57","modified_gmt":"2024-11-27T20:43:57","slug":"carvao-hexagonal-2-2-turbo","status":"publish","type":"product","link":"https:\/\/maya.ind.br\/index.php\/produto\/carvao-hexagonal-2-2-turbo\/","title":{"rendered":"Carv\u00e3o ecol\u00f3gico Hexagonal 2.2 TURBO para narguil\u00e9."},"content":{"rendered":"<p>Carv\u00e3o de fibra de coco torrado.<\/p>\n<p>-Sem cheiro.<\/p>\n<p>-Baixo teor de cinzas.<\/p>\n<p>-Dura at\u00e9 2 horas.<\/p>\n<p>Ideal para ser usado em Narguil\u00e9<\/p>\n<p>&nbsp;<\/p>\n","protected":false},"excerpt":{"rendered":"<p>Caixinha de 1 kg<\/p>\n","protected":false},"featured_media":151,"comment_status":"open","ping_status":"closed","template":"","meta":[],"product_cat":[22],"product_tag":[23,27,28],"class_list":["post-153","product","type-product","status-publish","has-post-thumbnail","hentry","product_cat-sem-categoria","product_tag-carvao-de-coco","product_tag-carvao-para-narguile","product_tag-carvaonarguile"],"_links":{"self":[{"href":"https:\/\/maya.ind.br\/index.php\/wp-json\/wp\/v2\/product\/153","targetHints":{"allow":["GET"]}}],"collection":[{"href":"https:\/\/maya.ind.br\/index.php\/wp-json\/wp\/v2\/product"}],"about":[{"href":"https:\/\/maya.ind.br\/index.php\/wp-json\/wp\/v2\/types\/product"}],"replies":[{"embeddable":true,"href":"https:\/\/maya.ind.br\/index.php\/wp-json\/wp\/v2\/comments?post=153"}],"wp:featuredmedia":[{"embeddable":true,"href":"https:\/\/maya.ind.br\/index.php\/wp-json\/wp\/v2\/media\/151"}],"wp:attachment":[{"href":"https:\/\/maya.ind.br\/index.php\/wp-json\/wp\/v2\/media?parent=153"}],"wp:term":[{"taxonomy":"product_cat","embeddable":true,"href":"https:\/\/maya.ind.br\/index.php\/wp-json\/wp\/v2\/product_cat?post=153"},{"taxonomy":"product_tag","embeddable":true,"href":"https:\/\/maya.ind.br\/index.php\/wp-json\/wp\/v2\/product_tag?post=153"}],"curies":[{"name":"wp","href":"https:\/\/api.w.org\/{rel}","templated":true}]}}