{"id":18,"date":"2023-02-08T22:03:18","date_gmt":"2023-02-09T01:03:18","guid":{"rendered":"http:\/\/maya.ind.br\/?page_id=18"},"modified":"2024-06-26T08:58:08","modified_gmt":"2024-06-26T11:58:08","slug":"home","status":"publish","type":"page","link":"https:\/\/maya.ind.br\/","title":{"rendered":"CARV\u00c3O"},"content":{"rendered":"\n<p><strong>Fabricamos carv\u00e3o de alta qualidade e briquetes no formato ideal solicitado pelo cliente, <\/strong><\/p>\n\n\n\n<p><strong>Utilizamos biomassa e residuos como mat\u00e9ria prima, com a tecnologia propria de Pirolise avan\u00e7ada. <\/strong><\/p>\n\n\n\n<p><strong>Nossos produtos obdecem crit\u00e9rios de qualidade monitorado pelo o mais moderno sistema de controle laborat\u00f3rial.<\/strong><\/p>\n\n\n\n<p><\/p>\n","protected":false},"excerpt":{"rendered":"<p>Fabricamos carv\u00e3o de alta qualidade e briquetes no formato ideal solicitado pelo cliente, Utilizamos biomassa e residuos como mat\u00e9ria prima, com a tecnologia propria de Pirolise avan\u00e7ada. Nossos produtos obdecem crit\u00e9rios de qualidade monitorado pelo o mais moderno sistema de controle laborat\u00f3rial.<\/p>\n","protected":false},"author":1,"featured_media":0,"parent":0,"menu_order":0,"comment_status":"closed","ping_status":"closed","template":"templates\/template-homepage.php","meta":{"footnotes":""},"class_list":["post-18","page","type-page","status-publish","hentry"],"_links":{"self":[{"href":"https:\/\/maya.ind.br\/index.php\/wp-json\/wp\/v2\/pages\/18","targetHints":{"allow":["GET"]}}],"collection":[{"href":"https:\/\/maya.ind.br\/index.php\/wp-json\/wp\/v2\/pages"}],"about":[{"href":"https:\/\/maya.ind.br\/index.php\/wp-json\/wp\/v2\/types\/page"}],"author":[{"embeddable":true,"href":"https:\/\/maya.ind.br\/index.php\/wp-json\/wp\/v2\/users\/1"}],"replies":[{"embeddable":true,"href":"https:\/\/maya.ind.br\/index.php\/wp-json\/wp\/v2\/comments?post=18"}],"version-history":[{"count":4,"href":"https:\/\/maya.ind.br\/index.php\/wp-json\/wp\/v2\/pages\/18\/revisions"}],"predecessor-version":[{"id":144,"href":"https:\/\/maya.ind.br\/index.php\/wp-json\/wp\/v2\/pages\/18\/revisions\/144"}],"wp:attachment":[{"href":"https:\/\/maya.ind.br\/index.php\/wp-json\/wp\/v2\/media?parent=18"}],"curies":[{"name":"wp","href":"https:\/\/api.w.org\/{rel}","templated":true}]}}